{"id":916,"date":"2021-08-02T11:29:04","date_gmt":"2021-08-02T09:29:04","guid":{"rendered":"http:\/\/pamiatki.leszno.pl\/?post_type=product&#038;p=916"},"modified":"2024-11-04T09:49:22","modified_gmt":"2024-11-04T08:49:22","slug":"magnes-leszno","status":"publish","type":"product","link":"http:\/\/pamiatki.leszno.pl\/index.php\/produkt\/magnes-leszno\/","title":{"rendered":"Magnes &#8211; Leszno -Rynek"},"content":{"rendered":"","protected":false},"excerpt":{"rendered":"<p>pami\u0105tkowy magnes na lod\u00f3wk\u0119<\/p>\n<p>sk\u0142adanka w ramce<\/p>\n<p>lub wyci\u0119te kontury typu &#8222;ART&#8221;<\/p>\n<p>&nbsp;<\/p>\n<p>&nbsp;<\/p>\n","protected":false},"featured_media":925,"template":"","meta":[],"_links":{"self":[{"href":"http:\/\/pamiatki.leszno.pl\/index.php\/wp-json\/wp\/v2\/product\/916"}],"collection":[{"href":"http:\/\/pamiatki.leszno.pl\/index.php\/wp-json\/wp\/v2\/product"}],"about":[{"href":"http:\/\/pamiatki.leszno.pl\/index.php\/wp-json\/wp\/v2\/types\/product"}],"wp:featuredmedia":[{"embeddable":true,"href":"http:\/\/pamiatki.leszno.pl\/index.php\/wp-json\/wp\/v2\/media\/925"}],"wp:attachment":[{"href":"http:\/\/pamiatki.leszno.pl\/index.php\/wp-json\/wp\/v2\/media?parent=916"}],"curies":[{"name":"wp","href":"https:\/\/api.w.org\/{rel}","templated":true}]}}