{"id":834,"date":"2020-11-24T10:31:24","date_gmt":"2020-11-24T09:31:24","guid":{"rendered":"http:\/\/pamiatki.leszno.pl\/?post_type=product&#038;p=834"},"modified":"2025-11-22T13:17:20","modified_gmt":"2025-11-22T12:17:20","slug":"magnes-leszno-parasolki-nowy","status":"publish","type":"product","link":"http:\/\/pamiatki.leszno.pl\/index.php\/produkt\/magnes-leszno-parasolki-nowy\/","title":{"rendered":"Magnes &#8211; Leszno parasolki &#8211; Nowy"},"content":{"rendered":"","protected":false},"excerpt":{"rendered":"<p>pami\u0105tkowy magnes na lod\u00f3wk\u0119 typu 3D<\/p>\n<p>Parasolki z leszczy\u0144skim ratuszem w tle.<\/p>\n<p>&nbsp;<\/p>\n","protected":false},"featured_media":830,"template":"","meta":[],"_links":{"self":[{"href":"http:\/\/pamiatki.leszno.pl\/index.php\/wp-json\/wp\/v2\/product\/834"}],"collection":[{"href":"http:\/\/pamiatki.leszno.pl\/index.php\/wp-json\/wp\/v2\/product"}],"about":[{"href":"http:\/\/pamiatki.leszno.pl\/index.php\/wp-json\/wp\/v2\/types\/product"}],"wp:featuredmedia":[{"embeddable":true,"href":"http:\/\/pamiatki.leszno.pl\/index.php\/wp-json\/wp\/v2\/media\/830"}],"wp:attachment":[{"href":"http:\/\/pamiatki.leszno.pl\/index.php\/wp-json\/wp\/v2\/media?parent=834"}],"curies":[{"name":"wp","href":"https:\/\/api.w.org\/{rel}","templated":true}]}}