{"id":661,"date":"2020-02-21T11:09:27","date_gmt":"2020-02-21T10:09:27","guid":{"rendered":"http:\/\/pamiatki.leszno.pl\/?post_type=product&#038;p=661"},"modified":"2025-12-17T12:18:05","modified_gmt":"2025-12-17T11:18:05","slug":"kazimierz-wisniewski","status":"publish","type":"product","link":"http:\/\/pamiatki.leszno.pl\/index.php\/produkt\/kazimierz-wisniewski\/","title":{"rendered":"&#8222;Kazimierz Wi\u015bniewski ostatni komendant leszczy\u0144skiej policji przed wojn\u0105&#8221;"},"content":{"rendered":"","protected":false},"excerpt":{"rendered":"<p>Autor: Damian Szymczak<\/p>\n<p>seria CIVES NOSTRI<\/p>\n<p>mi\u0119kka oprawa,<\/p>\n<p>data wydania: 2019<\/p>\n","protected":false},"featured_media":611,"template":"","meta":[],"_links":{"self":[{"href":"http:\/\/pamiatki.leszno.pl\/index.php\/wp-json\/wp\/v2\/product\/661"}],"collection":[{"href":"http:\/\/pamiatki.leszno.pl\/index.php\/wp-json\/wp\/v2\/product"}],"about":[{"href":"http:\/\/pamiatki.leszno.pl\/index.php\/wp-json\/wp\/v2\/types\/product"}],"wp:featuredmedia":[{"embeddable":true,"href":"http:\/\/pamiatki.leszno.pl\/index.php\/wp-json\/wp\/v2\/media\/611"}],"wp:attachment":[{"href":"http:\/\/pamiatki.leszno.pl\/index.php\/wp-json\/wp\/v2\/media?parent=661"}],"curies":[{"name":"wp","href":"https:\/\/api.w.org\/{rel}","templated":true}]}}