{"id":363,"date":"2018-06-04T12:00:13","date_gmt":"2018-06-04T10:00:13","guid":{"rendered":"http:\/\/pamiatki.leszno.pl\/?post_type=product&#038;p=363"},"modified":"2025-12-17T12:31:17","modified_gmt":"2025-12-17T11:31:17","slug":"dr-bronislaw-swiderski","status":"publish","type":"product","link":"http:\/\/pamiatki.leszno.pl\/index.php\/produkt\/dr-bronislaw-swiderski\/","title":{"rendered":"DR Bronis\u0142aw \u015awiderski"},"content":{"rendered":"<p><strong>DR BRONIS\u0141AW \u015aWIDERSKI (1873-1941) Lekarz, spo\u0142ecznik, regionalista<\/strong><\/p>\n<p>Autor: Janina Ma\u0142gorzata Halec<\/p>\n<p>Rok wydania: 2017<\/p>\n<p>Ilo\u015b\u0107 stron: 216<\/p>\n","protected":false},"excerpt":{"rendered":"<p>DR BRONIS\u0141AW \u015aWIDERSKI (1873-1941) Lekarz, spo\u0142ecznik, regionalista Autor: Janina Ma\u0142gorzata Halec Rok wydania: 2017 Ilo\u015b\u0107 stron: 216<\/p>\n","protected":false},"featured_media":364,"template":"","meta":[],"_links":{"self":[{"href":"http:\/\/pamiatki.leszno.pl\/index.php\/wp-json\/wp\/v2\/product\/363"}],"collection":[{"href":"http:\/\/pamiatki.leszno.pl\/index.php\/wp-json\/wp\/v2\/product"}],"about":[{"href":"http:\/\/pamiatki.leszno.pl\/index.php\/wp-json\/wp\/v2\/types\/product"}],"wp:featuredmedia":[{"embeddable":true,"href":"http:\/\/pamiatki.leszno.pl\/index.php\/wp-json\/wp\/v2\/media\/364"}],"wp:attachment":[{"href":"http:\/\/pamiatki.leszno.pl\/index.php\/wp-json\/wp\/v2\/media?parent=363"}],"curies":[{"name":"wp","href":"https:\/\/api.w.org\/{rel}","templated":true}]}}