{"id":322,"date":"2018-05-07T12:46:05","date_gmt":"2018-05-07T10:46:05","guid":{"rendered":"http:\/\/pamiatki.leszno.pl\/?post_type=product&#038;p=322"},"modified":"2025-12-17T12:31:54","modified_gmt":"2025-12-17T11:31:54","slug":"szlachetna-sztuka-druku","status":"publish","type":"product","link":"http:\/\/pamiatki.leszno.pl\/index.php\/produkt\/szlachetna-sztuka-druku\/","title":{"rendered":"Szlachetna Sztuka Druku"},"content":{"rendered":"<p><strong>SZLACHETNA SZTUKA DRUKU<\/strong><\/p>\n<p>Autor: Marcin B\u0142aszkowski<\/p>\n<p>Rok wydania: 2017<\/p>\n<p>Ilo\u015b\u0107 stron: 76<\/p>\n","protected":false},"excerpt":{"rendered":"<p>SZLACHETNA SZTUKA DRUKU Autor: Marcin B\u0142aszkowski Rok wydania: 2017 Ilo\u015b\u0107 stron: 76<\/p>\n","protected":false},"featured_media":324,"template":"","meta":[],"_links":{"self":[{"href":"http:\/\/pamiatki.leszno.pl\/index.php\/wp-json\/wp\/v2\/product\/322"}],"collection":[{"href":"http:\/\/pamiatki.leszno.pl\/index.php\/wp-json\/wp\/v2\/product"}],"about":[{"href":"http:\/\/pamiatki.leszno.pl\/index.php\/wp-json\/wp\/v2\/types\/product"}],"wp:featuredmedia":[{"embeddable":true,"href":"http:\/\/pamiatki.leszno.pl\/index.php\/wp-json\/wp\/v2\/media\/324"}],"wp:attachment":[{"href":"http:\/\/pamiatki.leszno.pl\/index.php\/wp-json\/wp\/v2\/media?parent=322"}],"curies":[{"name":"wp","href":"https:\/\/api.w.org\/{rel}","templated":true}]}}