{"id":1311,"date":"2025-07-22T11:33:21","date_gmt":"2025-07-22T09:33:21","guid":{"rendered":"http:\/\/pamiatki.leszno.pl\/?post_type=product&#038;p=1311"},"modified":"2026-03-26T06:36:32","modified_gmt":"2026-03-26T05:36:32","slug":"karty-do-gry-leszczynskie","status":"publish","type":"product","link":"http:\/\/pamiatki.leszno.pl\/index.php\/produkt\/karty-do-gry-leszczynskie\/","title":{"rendered":"Karty do gry Leszczy\u0144skie."},"content":{"rendered":"","protected":false},"excerpt":{"rendered":"<p>Talia kart zawieraj\u0105ca ilustracje atrakcji turystycznych Regionu Leszczy\u0144skiego<\/p>\n","protected":false},"featured_media":1312,"template":"","meta":[],"_links":{"self":[{"href":"http:\/\/pamiatki.leszno.pl\/index.php\/wp-json\/wp\/v2\/product\/1311"}],"collection":[{"href":"http:\/\/pamiatki.leszno.pl\/index.php\/wp-json\/wp\/v2\/product"}],"about":[{"href":"http:\/\/pamiatki.leszno.pl\/index.php\/wp-json\/wp\/v2\/types\/product"}],"wp:featuredmedia":[{"embeddable":true,"href":"http:\/\/pamiatki.leszno.pl\/index.php\/wp-json\/wp\/v2\/media\/1312"}],"wp:attachment":[{"href":"http:\/\/pamiatki.leszno.pl\/index.php\/wp-json\/wp\/v2\/media?parent=1311"}],"curies":[{"name":"wp","href":"https:\/\/api.w.org\/{rel}","templated":true}]}}