{"id":490,"date":"2018-07-09T09:55:32","date_gmt":"2018-07-09T07:55:32","guid":{"rendered":"http:\/\/pamiatki.leszno.pl\/?page_id=490"},"modified":"2022-03-24T13:50:04","modified_gmt":"2022-03-24T12:50:04","slug":"o-nas","status":"publish","type":"page","link":"http:\/\/pamiatki.leszno.pl\/index.php\/o-nas\/","title":{"rendered":"O Nas"},"content":{"rendered":"<p>[vc_row][vc_column][vc_column_text]<\/p>\n<p style=\"text-align: center;\"><strong>Centrum Informacji Turystycznej<\/strong><br \/>\nul. S\u0142owia\u0144ska 24, 64-100 Leszno<br \/>\ntel.\/ 65 529 81 91, 65 529 81 92,<br \/>\nfax\/65 529 81 92<br \/>\ne-mail: infotur@leszno.pl<\/p>\n<p style=\"text-align: center;\">Godziny otwarcia:<br \/>\nPn-Pt: 9.00 &#8211; 17.00<br \/>\nSobota: 9.00 &#8211; 16.00<\/p>\n<p>[\/vc_column_text][\/vc_column][\/vc_row][vc_row][vc_column][vc_column_text]<\/p>\n<p style=\"text-align: center;\">Masz pytania? Potrzebujesz pomocy?<\/p>\n<p style=\"text-align: center;\">Zapraszamy do \u00a0Centrum Informacji Turystycznej w Lesznie. Z przyjemno\u015bci\u0105 udzielimy informacji na temat g\u0142\u00f3wnych atrakcji miasta i regionu, pomo\u017cemy znale\u017a\u0107 przewodnika i podpowiemy gdzie mieszka\u0142 Stanis\u0142aw Leszczy\u0144ski. U nas zakupisz pami\u0105tki, wydawnictwa charakterystyczne dla miasta i regionu, bilety na najwa\u017cniejsze koncerty i wydarzenia jak r\u00f3wnie\u017c bilety sieciowe komunikacji miejskiej. Zapraszamy do nas na chwil\u0119 rozmowy i darmowe materia\u0142y. Mo\u017cna u nas r\u00f3wnie\u017c bezp\u0142atnie\u00a0 korzysta\u0107\u00a0 ze stanowiska internetowego oraz wifi. Nasz punkt znajduje si\u0119\u00a0 na deptaku przy ulicy S\u0142owia\u0144skiej, zaledwie\u00a0 kilkadziesi\u0105t metr\u00f3w od leszczy\u0144skiego ratusza.<\/p>\n<p style=\"text-align: center;\">Leszno &#8211; Rozwi\u0144 Skrzyd\u0142a.<\/p>\n<p>[\/vc_column_text][\/vc_column][\/vc_row][vc_row][\/vc_row][vc_row][vc_column css=&#8221;.vc_custom_1531386625917{border-right-width: 1px !important;border-bottom-width: 1px !important;border-left-width: 1px !important;padding-top: 1px !important;}&#8221;][vc_gallery type=&#8221;image_grid&#8221; images=&#8221;529,530,531,532,533,534,535,536,537,538,539,540,541,542,543,544,545,546,547,548&#8243;][\/vc_column][\/vc_row]<\/p>\n","protected":false},"excerpt":{"rendered":"<p>[vc_row][vc_column][vc_column_text] Centrum Informacji Turystycznej ul. S\u0142owia\u0144ska 24, 64-100 Leszno tel.\/ 65 529 81 91, 65 529 81 92, fax\/65 529 81 92 e-mail: infotur@leszno.pl Godziny otwarcia: Pn-Pt: 9.00 &#8211; 17.00 Sobota: 9.00 &#8211; 16.00 [\/vc_column_text][\/vc_column][\/vc_row][vc_row][vc_column][vc_column_text] Masz pytania? Potrzebujesz pomocy? Zapraszamy do \u00a0Centrum Informacji Turystycznej w Lesznie. Z przyjemno\u015bci\u0105 udzielimy informacji na temat g\u0142\u00f3wnych atrakcji miasta [&hellip;]<\/p>\n","protected":false},"author":1,"featured_media":0,"parent":0,"menu_order":0,"comment_status":"closed","ping_status":"closed","template":"","meta":[],"_links":{"self":[{"href":"http:\/\/pamiatki.leszno.pl\/index.php\/wp-json\/wp\/v2\/pages\/490"}],"collection":[{"href":"http:\/\/pamiatki.leszno.pl\/index.php\/wp-json\/wp\/v2\/pages"}],"about":[{"href":"http:\/\/pamiatki.leszno.pl\/index.php\/wp-json\/wp\/v2\/types\/page"}],"author":[{"embeddable":true,"href":"http:\/\/pamiatki.leszno.pl\/index.php\/wp-json\/wp\/v2\/users\/1"}],"replies":[{"embeddable":true,"href":"http:\/\/pamiatki.leszno.pl\/index.php\/wp-json\/wp\/v2\/comments?post=490"}],"version-history":[{"count":20,"href":"http:\/\/pamiatki.leszno.pl\/index.php\/wp-json\/wp\/v2\/pages\/490\/revisions"}],"predecessor-version":[{"id":1011,"href":"http:\/\/pamiatki.leszno.pl\/index.php\/wp-json\/wp\/v2\/pages\/490\/revisions\/1011"}],"wp:attachment":[{"href":"http:\/\/pamiatki.leszno.pl\/index.php\/wp-json\/wp\/v2\/media?parent=490"}],"curies":[{"name":"wp","href":"https:\/\/api.w.org\/{rel}","templated":true}]}}