{"id":115,"date":"2014-09-20T13:03:12","date_gmt":"2014-09-20T13:03:12","guid":{"rendered":"http:\/\/104.131.255.213\/specular\/shop\/?page_id=115"},"modified":"2018-05-07T11:55:44","modified_gmt":"2018-05-07T09:55:44","slug":"cart","status":"publish","type":"page","link":"http:\/\/pamiatki.leszno.pl\/index.php\/cart\/","title":{"rendered":"Koszyk"},"content":{"rendered":"<div class=\"woocommerce\"><p class=\"cart-empty\">Tw\u00f3j koszyk jest pusty.<\/p>\t<p class=\"return-to-shop\">\n\t\t<a class=\"button wc-backward\" href=\"http:\/\/pamiatki.leszno.pl\/index.php\/sklep\/\">\n\t\t\tWr\u00f3\u0107 do sklepu\t\t<\/a>\n\t<\/p>\n<\/div>\n","protected":false},"excerpt":{"rendered":"Tw\u00f3j koszyk jest pusty. Wr\u00f3\u0107 do sklepu","protected":false},"author":1,"featured_media":0,"parent":0,"menu_order":0,"comment_status":"closed","ping_status":"open","template":"","meta":[],"_links":{"self":[{"href":"http:\/\/pamiatki.leszno.pl\/index.php\/wp-json\/wp\/v2\/pages\/115"}],"collection":[{"href":"http:\/\/pamiatki.leszno.pl\/index.php\/wp-json\/wp\/v2\/pages"}],"about":[{"href":"http:\/\/pamiatki.leszno.pl\/index.php\/wp-json\/wp\/v2\/types\/page"}],"author":[{"embeddable":true,"href":"http:\/\/pamiatki.leszno.pl\/index.php\/wp-json\/wp\/v2\/users\/1"}],"replies":[{"embeddable":true,"href":"http:\/\/pamiatki.leszno.pl\/index.php\/wp-json\/wp\/v2\/comments?post=115"}],"version-history":[{"count":1,"href":"http:\/\/pamiatki.leszno.pl\/index.php\/wp-json\/wp\/v2\/pages\/115\/revisions"}],"predecessor-version":[{"id":302,"href":"http:\/\/pamiatki.leszno.pl\/index.php\/wp-json\/wp\/v2\/pages\/115\/revisions\/302"}],"wp:attachment":[{"href":"http:\/\/pamiatki.leszno.pl\/index.php\/wp-json\/wp\/v2\/media?parent=115"}],"curies":[{"name":"wp","href":"https:\/\/api.w.org\/{rel}","templated":true}]}}